{"id":1484,"date":"2026-02-20T16:32:21","date_gmt":"2026-02-20T16:32:21","guid":{"rendered":"https:\/\/qbelleville.com\/?post_type=product&#038;p=1484"},"modified":"2026-02-20T16:32:21","modified_gmt":"2026-02-20T16:32:21","slug":"panneau-solaire-240-w","status":"publish","type":"product","link":"https:\/\/qbelleville.com\/?product=panneau-solaire-240-w","title":{"rendered":"Panneau solaire 240 W"},"content":{"rendered":"<p>\u00c0 propos de ce produit<\/p>\n<p>ID\u00c9AL POUR L&#8217;AUTONOMIE R\u00c9SEAU, un v\u00e9ritable mode de vie \u00e0 part enti\u00e8re. La robustesse et la durabilit\u00e9 du panneau lui permettent de r\u00e9sister aux intemp\u00e9ries et d&#8217;assurer un fonctionnement et des performances optimales, quelles que soient les conditions climatiques, sans subir de dommages. Le choix id\u00e9al pour les petits syst\u00e8mes hors r\u00e9seau. Parfait comme kit solaire pour camping-cars, bateaux, chalets, abris de jardin et balcons.<\/p>\n<p>TR\u00c8S FACILE \u00c0 INSTALLER, recommand\u00e9 pour une charge rapide avec un seul panneau. Compatible avec les r\u00e9gulateurs PWM et MPPT et les stations d&#8217;\u00e9nergie. Sa POLYVALENCE en fait un produit id\u00e9al pour diverses applications, de l&#8217;usage domestique \u00e0 la navigation, des camping-cars aux chalets de montagne.<\/p>\n<p>EXCELLENTES PERFORMANCES ET PUISSANCE, gr\u00e2ce \u00e0 des cellules monocristallines haut de gamme qui garantissent un rendement sup\u00e9rieur \u00e0 surface \u00e9quivalente. Le rendement est assur\u00e9 \u00e0 90 % jusqu&#8217;\u00e0 10 ans et \u00e0 80 % jusqu&#8217;\u00e0 25 ans. Les diodes de d\u00e9rivation int\u00e9gr\u00e9es au bo\u00eetier de jonction emp\u00eachent tout courant inverse vers les cellules, \u00e9vitant ainsi tout dommage. Sortie stabilis\u00e9e \u00e0 42 V \u2013 Compatible avec les syst\u00e8mes 12 V via MPPT. Con\u00e7u pour les petites installations solaires en s\u00e9rie et parfaitement adapt\u00e9 aux syst\u00e8mes 12 V \u00e9quip\u00e9s d&#8217;un r\u00e9gulateur MPPT, pour une charge s\u00fbre et un rendement \u00e9nerg\u00e9tique \u00e9lev\u00e9.<\/p>\n<p>Fiable et durable gr\u00e2ce \u00e0 son verre tremp\u00e9 \u00e0 faible teneur en fer, son cadre en aluminium anticorrosion et son encapsulage avanc\u00e9 multicouche. Fourni avec des c\u00e2bles de 90 cm et des connecteurs MC4, ce puissant chargeur solaire est compos\u00e9 de 72 cellules monocristallines PERC 10BB et mesure 156,7 x 77 x 3 cm. Il p\u00e8se 12,5 kg.<\/p>\n","protected":false},"excerpt":{"rendered":"<p>Panneau solaire monocristallin MOSCATELLI 240 W pour batteries 12 V et 24 V \u2013 Demi-cellules PERC 10BB 182 x 83 \u00e0 tr\u00e8s hautes performances \u2013 Tension 42 V<\/p>\n<p>&nbsp;<\/p>\n<p>156.8L x 77W x 3H centimetres<\/p>\n","protected":false},"featured_media":1485,"comment_status":"open","ping_status":"closed","template":"","meta":{"site-sidebar-layout":"default","site-content-layout":"","ast-site-content-layout":"default","site-content-style":"default","site-sidebar-style":"default","ast-global-header-display":"","ast-banner-title-visibility":"","ast-main-header-display":"","ast-hfb-above-header-display":"","ast-hfb-below-header-display":"","ast-hfb-mobile-header-display":"","site-post-title":"","ast-breadcrumbs-content":"","ast-featured-img":"","footer-sml-layout":"","ast-disable-related-posts":"","theme-transparent-header-meta":"default","adv-header-id-meta":"","stick-header-meta":"","header-above-stick-meta":"","header-main-stick-meta":"","header-below-stick-meta":"","astra-migrate-meta-layouts":"set","ast-page-background-enabled":"default","ast-page-background-meta":{"desktop":{"background-color":"var(--ast-global-color-5)","background-image":"","background-repeat":"repeat","background-position":"center center","background-size":"auto","background-attachment":"scroll","background-type":"","background-media":"","overlay-type":"","overlay-color":"","overlay-opacity":"","overlay-gradient":""},"tablet":{"background-color":"","background-image":"","background-repeat":"repeat","background-position":"center center","background-size":"auto","background-attachment":"scroll","background-type":"","background-media":"","overlay-type":"","overlay-color":"","overlay-opacity":"","overlay-gradient":""},"mobile":{"background-color":"","background-image":"","background-repeat":"repeat","background-position":"center center","background-size":"auto","background-attachment":"scroll","background-type":"","background-media":"","overlay-type":"","overlay-color":"","overlay-opacity":"","overlay-gradient":""}},"ast-content-background-meta":{"desktop":{"background-color":"var(--ast-global-color-4)","background-image":"","background-repeat":"repeat","background-position":"center center","background-size":"auto","background-attachment":"scroll","background-type":"","background-media":"","overlay-type":"","overlay-color":"","overlay-opacity":"","overlay-gradient":""},"tablet":{"background-color":"var(--ast-global-color-4)","background-image":"","background-repeat":"repeat","background-position":"center center","background-size":"auto","background-attachment":"scroll","background-type":"","background-media":"","overlay-type":"","overlay-color":"","overlay-opacity":"","overlay-gradient":""},"mobile":{"background-color":"var(--ast-global-color-4)","background-image":"","background-repeat":"repeat","background-position":"center center","background-size":"auto","background-attachment":"scroll","background-type":"","background-media":"","overlay-type":"","overlay-color":"","overlay-opacity":"","overlay-gradient":""}}},"product_brand":[],"product_cat":[25],"product_tag":[],"class_list":{"0":"post-1484","1":"product","2":"type-product","3":"status-publish","4":"has-post-thumbnail","6":"product_cat-solaire","7":"desktop-align-left","8":"tablet-align-left","9":"mobile-align-left","11":"first","12":"instock","13":"sale","14":"shipping-taxable","15":"purchasable","16":"product-type-simple"},"jetpack_sharing_enabled":true,"_links":{"self":[{"href":"https:\/\/qbelleville.com\/index.php?rest_route=\/wp\/v2\/product\/1484","targetHints":{"allow":["GET"]}}],"collection":[{"href":"https:\/\/qbelleville.com\/index.php?rest_route=\/wp\/v2\/product"}],"about":[{"href":"https:\/\/qbelleville.com\/index.php?rest_route=\/wp\/v2\/types\/product"}],"replies":[{"embeddable":true,"href":"https:\/\/qbelleville.com\/index.php?rest_route=%2Fwp%2Fv2%2Fcomments&post=1484"}],"wp:featuredmedia":[{"embeddable":true,"href":"https:\/\/qbelleville.com\/index.php?rest_route=\/wp\/v2\/media\/1485"}],"wp:attachment":[{"href":"https:\/\/qbelleville.com\/index.php?rest_route=%2Fwp%2Fv2%2Fmedia&parent=1484"}],"wp:term":[{"taxonomy":"product_brand","embeddable":true,"href":"https:\/\/qbelleville.com\/index.php?rest_route=%2Fwp%2Fv2%2Fproduct_brand&post=1484"},{"taxonomy":"product_cat","embeddable":true,"href":"https:\/\/qbelleville.com\/index.php?rest_route=%2Fwp%2Fv2%2Fproduct_cat&post=1484"},{"taxonomy":"product_tag","embeddable":true,"href":"https:\/\/qbelleville.com\/index.php?rest_route=%2Fwp%2Fv2%2Fproduct_tag&post=1484"}],"curies":[{"name":"wp","href":"https:\/\/api.w.org\/{rel}","templated":true}]}}